{"id":19042,"date":"2024-06-10T13:17:32","date_gmt":"2024-06-10T17:17:32","guid":{"rendered":"https:\/\/dev.latinamericanfashionawards.com\/studio-lenca\/"},"modified":"2024-06-11T12:14:43","modified_gmt":"2024-06-11T16:14:43","slug":"studio-lenca","status":"publish","type":"page","link":"https:\/\/latinamericanfashionawards.com\/es\/studio-lenca\/","title":{"rendered":"Studio Lenca"},"content":{"rendered":"\t\t<div data-elementor-type=\"wp-page\" data-elementor-id=\"19042\" class=\"elementor elementor-19042 elementor-18622\" data-elementor-post-type=\"page\">\n\t\t\t\t\t\t<section class=\"elementor-section elementor-top-section elementor-element elementor-element-8ff7b42 elementor-section-content-middle elementor-section-boxed elementor-section-height-default elementor-section-height-default\" data-id=\"8ff7b42\" data-element_type=\"section\">\n\t\t\t\t\t\t<div class=\"elementor-container elementor-column-gap-default\">\n\t\t\t\t\t<div class=\"elementor-column elementor-col-50 elementor-top-column elementor-element elementor-element-b3324d5\" data-id=\"b3324d5\" data-element_type=\"column\">\n\t\t\t<div class=\"elementor-widget-wrap elementor-element-populated\">\n\t\t\t\t\t\t<div class=\"elementor-element elementor-element-7832988 elementor-widget elementor-widget-image\" data-id=\"7832988\" data-element_type=\"widget\" data-widget_type=\"image.default\">\n\t\t\t\t<div class=\"elementor-widget-container\">\n\t\t\t\t\t\t\t\t\t\t\t\t\t\t\t<img fetchpriority=\"high\" decoding=\"async\" width=\"768\" height=\"1152\" src=\"https:\/\/latinamericanfashionawards.com\/wp-content\/uploads\/2023\/08\/meet-the-artist-studio-lenca-768x1152.png\" class=\"attachment-medium_large size-medium_large wp-image-8378\" alt=\"\" srcset=\"https:\/\/latinamericanfashionawards.com\/wp-content\/uploads\/2023\/08\/meet-the-artist-studio-lenca-768x1152.png 768w, https:\/\/latinamericanfashionawards.com\/wp-content\/uploads\/2023\/08\/meet-the-artist-studio-lenca-200x300.png 200w, https:\/\/latinamericanfashionawards.com\/wp-content\/uploads\/2023\/08\/meet-the-artist-studio-lenca-683x1024.png 683w, https:\/\/latinamericanfashionawards.com\/wp-content\/uploads\/2023\/08\/meet-the-artist-studio-lenca-1024x1536.png 1024w, https:\/\/latinamericanfashionawards.com\/wp-content\/uploads\/2023\/08\/meet-the-artist-studio-lenca-1366x2048.png 1366w, https:\/\/latinamericanfashionawards.com\/wp-content\/uploads\/2023\/08\/meet-the-artist-studio-lenca.png 1707w\" sizes=\"(max-width: 768px) 100vw, 768px\" \/>\t\t\t\t\t\t\t\t\t\t\t\t\t\t\t<\/div>\n\t\t\t\t<\/div>\n\t\t\t\t\t<\/div>\n\t\t<\/div>\n\t\t\t\t<div class=\"elementor-column elementor-col-50 elementor-top-column elementor-element elementor-element-74306b7\" data-id=\"74306b7\" data-element_type=\"column\">\n\t\t\t<div class=\"elementor-widget-wrap elementor-element-populated\">\n\t\t\t\t\t\t<div class=\"elementor-element elementor-element-7485e6f elementor-widget__width-inherit elementor-widget elementor-widget-heading\" data-id=\"7485e6f\" data-element_type=\"widget\" data-widget_type=\"heading.default\">\n\t\t\t\t<div class=\"elementor-widget-container\">\n\t\t\t\t\t<h1 class=\"elementor-heading-title elementor-size-default\">Studio Lenca<\/h1>\t\t\t\t<\/div>\n\t\t\t\t<\/div>\n\t\t\t\t<div class=\"elementor-element elementor-element-8bebcb1 elementor-widget elementor-widget-heading\" data-id=\"8bebcb1\" data-element_type=\"widget\" data-widget_type=\"heading.default\">\n\t\t\t\t<div class=\"elementor-widget-container\">\n\t\t\t\t\t<div class=\"elementor-heading-title elementor-size-default\">ARTISTA OFICIAL Y CREADOR\nDEL IC\u00d3NICO TROFEO DE\nLATIN AMERICAN FASHION AWARDS<\/div>\t\t\t\t<\/div>\n\t\t\t\t<\/div>\n\t\t\t\t<div class=\"elementor-element elementor-element-d978a24 elementor-widget elementor-widget-text-editor\" data-id=\"d978a24\" data-element_type=\"widget\" data-widget_type=\"text-editor.default\">\n\t\t\t\t<div class=\"elementor-widget-container\">\n\t\t\t\t\t\t\t\t\t<p>Conozca a Studio Lenca, el artista contempor\u00e1neo latinoamericano elegido para crear el Ic\u00f3nico Trofeo de Latin American Fashion Awards.<\/p><p>Nacido en El Salvador y sin estar seguro de su fecha oficial de nacimiento o antecedentes familiares, Studio Lenca creci\u00f3 como un inmigrante ilegal en California con su madre, donde viv\u00edan como \u00abextranjeros ilegales\u00bb limpiando casas sin direcci\u00f3n fija.<\/p><p>El aclamado artista se mud\u00f3 al Reino Unido en su vida adulta y actualmente trabaja en los estudios TKE de Tracey Emin.<\/p><p>Los retratos de Studio Lenca representan al artista y su comunidad coronados con sombreros extravagantes y colores vibrantes, una sensibilidad completamente diferente a una infancia de asimilaci\u00f3n forzada y secreto.<\/p><p>Seguro de s\u00ed mismo, orgulloso, valiente y visible, las obras desproporcionadas de Studio Lenca se juegan con sus propias reglas. Una historia autobiogr\u00e1fica que navega por fronteras e identidades destruidas, borradas y redibujadas.<\/p><p>Junto a las figuras monumentales que miran con confianza desde el lienzo y est\u00e1n vestidas con colores llamativos, Studio Lenca crea un mundo donde las personas latinx tienen el poder de ocupar un espacio y contar sus propias historias.<\/p><p>Studio Lenca trabaja con performance, video, pintura y escultura. Recibi\u00f3 una maestr\u00eda de la Universidad Goldsmiths de Londres y su trabajo ha sido objeto de exposiciones individuales en galer\u00edas de Londres, Bangkok, Se\u00fal, Bruselas y Madrid. El trabajo de Studio Lenca est\u00e1 incluido en la colecci\u00f3n permanente del Parrish Art Museum de Nueva York, donde tuvo una exposici\u00f3n individual en 2023.<\/p>\t\t\t\t\t\t\t\t<\/div>\n\t\t\t\t<\/div>\n\t\t\t\t<div class=\"elementor-element elementor-element-b930ebd elementor-widget__width-auto elementor-view-default elementor-widget elementor-widget-icon\" data-id=\"b930ebd\" data-element_type=\"widget\" data-widget_type=\"icon.default\">\n\t\t\t\t<div class=\"elementor-widget-container\">\n\t\t\t\t\t\t\t<div class=\"elementor-icon-wrapper\">\n\t\t\t<a class=\"elementor-icon\" href=\"https:\/\/www.instagram.com\/studiolenca\/\" target=\"_blank\" rel=\"nofollow\">\n\t\t\t<i aria-hidden=\"true\" class=\"fab fa-instagram\"><\/i>\t\t\t<\/a>\n\t\t<\/div>\n\t\t\t\t\t\t<\/div>\n\t\t\t\t<\/div>\n\t\t\t\t<div class=\"elementor-element elementor-element-c23bf10 elementor-widget__width-auto elementor-view-default elementor-widget elementor-widget-icon\" data-id=\"c23bf10\" data-element_type=\"widget\" data-widget_type=\"icon.default\">\n\t\t\t\t<div class=\"elementor-widget-container\">\n\t\t\t\t\t\t\t<div class=\"elementor-icon-wrapper\">\n\t\t\t<a class=\"elementor-icon\" href=\"https:\/\/studiolenca.com\/\" target=\"_blank\" rel=\"nofollow\">\n\t\t\t<i aria-hidden=\"true\" class=\"fas fa-globe\"><\/i>\t\t\t<\/a>\n\t\t<\/div>\n\t\t\t\t\t\t<\/div>\n\t\t\t\t<\/div>\n\t\t\t\t\t<\/div>\n\t\t<\/div>\n\t\t\t\t\t<\/div>\n\t\t<\/section>\n\t\t\t\t<\/div>\n\t\t","protected":false},"excerpt":{"rendered":"<p>ARTISTA OFICIAL Y CREADOR DEL IC\u00d3NICO TROFEO DE LATIN AMERICAN FASHION AWARDS Conozca a Studio Lenca, el artista contempor\u00e1neo latinoamericano elegido para crear el Ic\u00f3nico Trofeo de Latin American Fashion Awards. Nacido en El Salvador y sin estar seguro de su fecha oficial de nacimiento o antecedentes familiares, Studio Lenca creci\u00f3 como un inmigrante ilegal [&hellip;]<\/p>\n","protected":false},"author":1,"featured_media":0,"parent":0,"menu_order":0,"comment_status":"closed","ping_status":"closed","template":"","meta":{"_acf_changed":false,"footnotes":""},"class_list":["post-19042","page","type-page","status-publish","hentry"],"acf":[],"yoast_head":"<!-- This site is optimized with the Yoast SEO plugin v26.4 - https:\/\/yoast.com\/wordpress\/plugins\/seo\/ -->\n<title>Studio Lenca - Latin American Fashion Awards<\/title>\n<meta name=\"robots\" content=\"index, follow, max-snippet:-1, max-image-preview:large, max-video-preview:-1\" \/>\n<link rel=\"canonical\" href=\"https:\/\/latinamericanfashionawards.com\/es\/studio-lenca\/\" \/>\n<meta property=\"og:locale\" content=\"es_ES\" \/>\n<meta property=\"og:type\" content=\"article\" \/>\n<meta property=\"og:title\" content=\"Studio Lenca - Latin American Fashion Awards\" \/>\n<meta property=\"og:description\" content=\"ARTISTA OFICIAL Y CREADOR DEL IC\u00d3NICO TROFEO DE LATIN AMERICAN FASHION AWARDS Conozca a Studio Lenca, el artista contempor\u00e1neo latinoamericano elegido para crear el Ic\u00f3nico Trofeo de Latin American Fashion Awards. Nacido en El Salvador y sin estar seguro de su fecha oficial de nacimiento o antecedentes familiares, Studio Lenca creci\u00f3 como un inmigrante ilegal [&hellip;]\" \/>\n<meta property=\"og:url\" content=\"https:\/\/latinamericanfashionawards.com\/es\/studio-lenca\/\" \/>\n<meta property=\"og:site_name\" content=\"Latin American Fashion Awards\" \/>\n<meta property=\"article:modified_time\" content=\"2024-06-11T16:14:43+00:00\" \/>\n<meta property=\"og:image\" content=\"https:\/\/latinamericanfashionawards.com\/wp-content\/uploads\/2023\/08\/meet-the-artist-studio-lenca-768x1152.png\" \/>\n<meta name=\"twitter:card\" content=\"summary_large_image\" \/>\n<meta name=\"twitter:label1\" content=\"Tiempo de lectura\" \/>\n\t<meta name=\"twitter:data1\" content=\"2 minutos\" \/>\n<script type=\"application\/ld+json\" class=\"yoast-schema-graph\">{\"@context\":\"https:\/\/schema.org\",\"@graph\":[{\"@type\":\"WebPage\",\"@id\":\"https:\/\/latinamericanfashionawards.com\/es\/studio-lenca\/\",\"url\":\"https:\/\/latinamericanfashionawards.com\/es\/studio-lenca\/\",\"name\":\"Studio Lenca - Latin American Fashion Awards\",\"isPartOf\":{\"@id\":\"https:\/\/latinamericanfashionawards.com\/es\/#website\"},\"primaryImageOfPage\":{\"@id\":\"https:\/\/latinamericanfashionawards.com\/es\/studio-lenca\/#primaryimage\"},\"image\":{\"@id\":\"https:\/\/latinamericanfashionawards.com\/es\/studio-lenca\/#primaryimage\"},\"thumbnailUrl\":\"https:\/\/latinamericanfashionawards.com\/wp-content\/uploads\/2023\/08\/meet-the-artist-studio-lenca-768x1152.png\",\"datePublished\":\"2024-06-10T17:17:32+00:00\",\"dateModified\":\"2024-06-11T16:14:43+00:00\",\"breadcrumb\":{\"@id\":\"https:\/\/latinamericanfashionawards.com\/es\/studio-lenca\/#breadcrumb\"},\"inLanguage\":\"es\",\"potentialAction\":[{\"@type\":\"ReadAction\",\"target\":[\"https:\/\/latinamericanfashionawards.com\/es\/studio-lenca\/\"]}]},{\"@type\":\"ImageObject\",\"inLanguage\":\"es\",\"@id\":\"https:\/\/latinamericanfashionawards.com\/es\/studio-lenca\/#primaryimage\",\"url\":\"https:\/\/latinamericanfashionawards.com\/wp-content\/uploads\/2023\/08\/meet-the-artist-studio-lenca-768x1152.png\",\"contentUrl\":\"https:\/\/latinamericanfashionawards.com\/wp-content\/uploads\/2023\/08\/meet-the-artist-studio-lenca-768x1152.png\"},{\"@type\":\"BreadcrumbList\",\"@id\":\"https:\/\/latinamericanfashionawards.com\/es\/studio-lenca\/#breadcrumb\",\"itemListElement\":[{\"@type\":\"ListItem\",\"position\":1,\"name\":\"Home\",\"item\":\"https:\/\/latinamericanfashionawards.com\/es\/\"},{\"@type\":\"ListItem\",\"position\":2,\"name\":\"Studio Lenca\"}]},{\"@type\":\"WebSite\",\"@id\":\"https:\/\/latinamericanfashionawards.com\/es\/#website\",\"url\":\"https:\/\/latinamericanfashionawards.com\/es\/\",\"name\":\"Latin American Fashion Awards\",\"description\":\"The First Ever Latin American Fashion Awards\",\"publisher\":{\"@id\":\"https:\/\/latinamericanfashionawards.com\/es\/#organization\"},\"potentialAction\":[{\"@type\":\"SearchAction\",\"target\":{\"@type\":\"EntryPoint\",\"urlTemplate\":\"https:\/\/latinamericanfashionawards.com\/es\/?s={search_term_string}\"},\"query-input\":{\"@type\":\"PropertyValueSpecification\",\"valueRequired\":true,\"valueName\":\"search_term_string\"}}],\"inLanguage\":\"es\"},{\"@type\":\"Organization\",\"@id\":\"https:\/\/latinamericanfashionawards.com\/es\/#organization\",\"name\":\"Latin American Fashion Awards\",\"url\":\"https:\/\/latinamericanfashionawards.com\/es\/\",\"logo\":{\"@type\":\"ImageObject\",\"inLanguage\":\"es\",\"@id\":\"https:\/\/latinamericanfashionawards.com\/es\/#\/schema\/logo\/image\/\",\"url\":\"https:\/\/latinamericanfashionawards.com\/wp-content\/uploads\/2023\/01\/LAFA-awards-logo-1.svg\",\"contentUrl\":\"https:\/\/latinamericanfashionawards.com\/wp-content\/uploads\/2023\/01\/LAFA-awards-logo-1.svg\",\"width\":454,\"height\":349,\"caption\":\"Latin American Fashion Awards\"},\"image\":{\"@id\":\"https:\/\/latinamericanfashionawards.com\/es\/#\/schema\/logo\/image\/\"}}]}<\/script>\n<!-- \/ Yoast SEO plugin. -->","yoast_head_json":{"title":"Studio Lenca - Latin American Fashion Awards","robots":{"index":"index","follow":"follow","max-snippet":"max-snippet:-1","max-image-preview":"max-image-preview:large","max-video-preview":"max-video-preview:-1"},"canonical":"https:\/\/latinamericanfashionawards.com\/es\/studio-lenca\/","og_locale":"es_ES","og_type":"article","og_title":"Studio Lenca - Latin American Fashion Awards","og_description":"ARTISTA OFICIAL Y CREADOR DEL IC\u00d3NICO TROFEO DE LATIN AMERICAN FASHION AWARDS Conozca a Studio Lenca, el artista contempor\u00e1neo latinoamericano elegido para crear el Ic\u00f3nico Trofeo de Latin American Fashion Awards. Nacido en El Salvador y sin estar seguro de su fecha oficial de nacimiento o antecedentes familiares, Studio Lenca creci\u00f3 como un inmigrante ilegal [&hellip;]","og_url":"https:\/\/latinamericanfashionawards.com\/es\/studio-lenca\/","og_site_name":"Latin American Fashion Awards","article_modified_time":"2024-06-11T16:14:43+00:00","og_image":[{"url":"https:\/\/latinamericanfashionawards.com\/wp-content\/uploads\/2023\/08\/meet-the-artist-studio-lenca-768x1152.png","type":"","width":"","height":""}],"twitter_card":"summary_large_image","twitter_misc":{"Tiempo de lectura":"2 minutos"},"schema":{"@context":"https:\/\/schema.org","@graph":[{"@type":"WebPage","@id":"https:\/\/latinamericanfashionawards.com\/es\/studio-lenca\/","url":"https:\/\/latinamericanfashionawards.com\/es\/studio-lenca\/","name":"Studio Lenca - Latin American Fashion Awards","isPartOf":{"@id":"https:\/\/latinamericanfashionawards.com\/es\/#website"},"primaryImageOfPage":{"@id":"https:\/\/latinamericanfashionawards.com\/es\/studio-lenca\/#primaryimage"},"image":{"@id":"https:\/\/latinamericanfashionawards.com\/es\/studio-lenca\/#primaryimage"},"thumbnailUrl":"https:\/\/latinamericanfashionawards.com\/wp-content\/uploads\/2023\/08\/meet-the-artist-studio-lenca-768x1152.png","datePublished":"2024-06-10T17:17:32+00:00","dateModified":"2024-06-11T16:14:43+00:00","breadcrumb":{"@id":"https:\/\/latinamericanfashionawards.com\/es\/studio-lenca\/#breadcrumb"},"inLanguage":"es","potentialAction":[{"@type":"ReadAction","target":["https:\/\/latinamericanfashionawards.com\/es\/studio-lenca\/"]}]},{"@type":"ImageObject","inLanguage":"es","@id":"https:\/\/latinamericanfashionawards.com\/es\/studio-lenca\/#primaryimage","url":"https:\/\/latinamericanfashionawards.com\/wp-content\/uploads\/2023\/08\/meet-the-artist-studio-lenca-768x1152.png","contentUrl":"https:\/\/latinamericanfashionawards.com\/wp-content\/uploads\/2023\/08\/meet-the-artist-studio-lenca-768x1152.png"},{"@type":"BreadcrumbList","@id":"https:\/\/latinamericanfashionawards.com\/es\/studio-lenca\/#breadcrumb","itemListElement":[{"@type":"ListItem","position":1,"name":"Home","item":"https:\/\/latinamericanfashionawards.com\/es\/"},{"@type":"ListItem","position":2,"name":"Studio Lenca"}]},{"@type":"WebSite","@id":"https:\/\/latinamericanfashionawards.com\/es\/#website","url":"https:\/\/latinamericanfashionawards.com\/es\/","name":"Latin American Fashion Awards","description":"The First Ever Latin American Fashion Awards","publisher":{"@id":"https:\/\/latinamericanfashionawards.com\/es\/#organization"},"potentialAction":[{"@type":"SearchAction","target":{"@type":"EntryPoint","urlTemplate":"https:\/\/latinamericanfashionawards.com\/es\/?s={search_term_string}"},"query-input":{"@type":"PropertyValueSpecification","valueRequired":true,"valueName":"search_term_string"}}],"inLanguage":"es"},{"@type":"Organization","@id":"https:\/\/latinamericanfashionawards.com\/es\/#organization","name":"Latin American Fashion Awards","url":"https:\/\/latinamericanfashionawards.com\/es\/","logo":{"@type":"ImageObject","inLanguage":"es","@id":"https:\/\/latinamericanfashionawards.com\/es\/#\/schema\/logo\/image\/","url":"https:\/\/latinamericanfashionawards.com\/wp-content\/uploads\/2023\/01\/LAFA-awards-logo-1.svg","contentUrl":"https:\/\/latinamericanfashionawards.com\/wp-content\/uploads\/2023\/01\/LAFA-awards-logo-1.svg","width":454,"height":349,"caption":"Latin American Fashion Awards"},"image":{"@id":"https:\/\/latinamericanfashionawards.com\/es\/#\/schema\/logo\/image\/"}}]}},"_links":{"self":[{"href":"https:\/\/latinamericanfashionawards.com\/es\/wp-json\/wp\/v2\/pages\/19042","targetHints":{"allow":["GET"]}}],"collection":[{"href":"https:\/\/latinamericanfashionawards.com\/es\/wp-json\/wp\/v2\/pages"}],"about":[{"href":"https:\/\/latinamericanfashionawards.com\/es\/wp-json\/wp\/v2\/types\/page"}],"author":[{"embeddable":true,"href":"https:\/\/latinamericanfashionawards.com\/es\/wp-json\/wp\/v2\/users\/1"}],"replies":[{"embeddable":true,"href":"https:\/\/latinamericanfashionawards.com\/es\/wp-json\/wp\/v2\/comments?post=19042"}],"version-history":[{"count":0,"href":"https:\/\/latinamericanfashionawards.com\/es\/wp-json\/wp\/v2\/pages\/19042\/revisions"}],"wp:attachment":[{"href":"https:\/\/latinamericanfashionawards.com\/es\/wp-json\/wp\/v2\/media?parent=19042"}],"curies":[{"name":"wp","href":"https:\/\/api.w.org\/{rel}","templated":true}]}}